{"id":4098,"date":"2025-04-02T15:21:27","date_gmt":"2025-04-02T12:21:27","guid":{"rendered":"https:\/\/sekerciotokumas.com\/en\/?page_id=4098"},"modified":"2025-08-11T13:56:30","modified_gmt":"2025-08-11T10:56:30","slug":"shipping-and-bank-information","status":"publish","type":"page","link":"https:\/\/sekerciotokumas.com\/en\/?page_id=4098","title":{"rendered":"Shipping and Bank Information"},"content":{"rendered":"\t\t<div data-elementor-type=\"wp-page\" data-elementor-id=\"4098\" class=\"elementor elementor-4098\">\n\t\t\t\t\t\t<section class=\"elementor-section elementor-top-section elementor-element elementor-element-bde5da7 elementor-section-boxed elementor-section-height-default elementor-section-height-default\" data-id=\"bde5da7\" data-element_type=\"section\" data-e-type=\"section\">\n\t\t\t\t\t\t<div class=\"elementor-container elementor-column-gap-default\">\n\t\t\t\t\t<div class=\"elementor-column elementor-col-100 elementor-top-column elementor-element elementor-element-2c9c583\" data-id=\"2c9c583\" data-element_type=\"column\" data-e-type=\"column\">\n\t\t\t<div class=\"elementor-widget-wrap elementor-element-populated\">\n\t\t\t\t\t\t<div class=\"elementor-element elementor-element-5abd237 elementor-widget elementor-widget-text-editor\" data-id=\"5abd237\" data-element_type=\"widget\" data-e-type=\"widget\" data-widget_type=\"text-editor.default\">\n\t\t\t\t<div class=\"elementor-widget-container\">\n\t\t\t\t\t\t\t\t\t<h2 class=\"woocommerce-cargo-details\">Domestic Cargo Information<\/h2>\n<ul class=\"woocommerce-cargo-details\">\n \t<li>Cargo Name: <strong>Yurti\u00e7i Kargo <\/strong><\/li>\n \t<li>Account Name: <strong>\u015eEKERC\u0130LER MEYVEC\u0130L\u0130K KUMA\u015e \u0130ML.\u0130TH.\u0130HR.SAN.T\u0130C.A.\u015e.<\/strong><\/li>\n \t<li class=\"code\">Agreement Number: <strong>1113103858<\/strong><\/li>\n<\/ul>\nThe payment option via bank transfer is not available on our site and bank transfers cannot be made through our site.\n<h2 class=\"woocommerce-bank-details\">Turkish Lira Bank Information<\/h2>\n<ul class=\"woocommerce-bank-details\">\n \t<li>Bank Name : <strong>TURKIYE VAKIFLAR BANKASI T.A.O.<\/strong><\/li>\n \t<li class=\"bank_name\">Account Name :\u00a0<strong>\u015eEKERC\u0130LER MEYVEC\u0130L\u0130K KUMA\u015e \u0130ML.\u0130TH.\u0130HR.SAN.T\u0130C.A.\u015e.<\/strong><\/li>\n \t<li class=\"iban\">IBAN : <strong>TR25 0001 5001 5800 7328 3005 07<\/strong><\/li>\n<\/ul>\n<h2 class=\"woocommerce-bank-details\">United States Dollar Bank Information<\/h2>\n<ul class=\"woocommerce-bank-details\">\n \t<li>Bank Name : <strong>TURKIYE VAKIFLAR BANKASI T.A.O.<\/strong><\/li>\n \t<li class=\"bank_name\">Account Name :\u00a0<strong>\u015eEKERC\u0130LER MEYVEC\u0130L\u0130K KUMA\u015e \u0130ML.\u0130TH.\u0130HR.SAN.T\u0130C.A.\u015e.<\/strong><\/li>\n \t<li class=\"iban\">IBAN : <strong>TR49 0001 5001 5804 8024 0788 42<\/strong><\/li>\n<li \n<li>Swift Code : <strong>TVBATR2AXXX<\/strong><\/li>\n<\/ul>\t\t\t\t\t\t\t\t<\/div>\n\t\t\t\t<\/div>\n\t\t\t\t\t<\/div>\n\t\t<\/div>\n\t\t\t\t\t<\/div>\n\t\t<\/section>\n\t\t\t\t<section class=\"elementor-section elementor-top-section elementor-element elementor-element-d418bbc elementor-section-boxed elementor-section-height-default elementor-section-height-default\" data-id=\"d418bbc\" data-element_type=\"section\" data-e-type=\"section\">\n\t\t\t\t\t\t<div class=\"elementor-container elementor-column-gap-default\">\n\t\t\t\t\t<div class=\"elementor-column elementor-col-100 elementor-top-column elementor-element elementor-element-6d6f993\" data-id=\"6d6f993\" data-element_type=\"column\" data-e-type=\"column\">\n\t\t\t<div class=\"elementor-widget-wrap\">\n\t\t\t\t\t\t\t<\/div>\n\t\t<\/div>\n\t\t\t\t\t<\/div>\n\t\t<\/section>\n\t\t\t\t<\/div>\n\t\t","protected":false},"excerpt":{"rendered":"<p>Domestic Cargo Information Cargo Name: Yurti\u00e7i Kargo Account Name: \u015eEKERC\u0130LER MEYVEC\u0130L\u0130K KUMA\u015e \u0130ML.\u0130TH.\u0130HR.SAN.T\u0130C.A.\u015e. Agreement Number: 1113103858 The payment option via bank transfer is not available on our site and bank transfers cannot be made through our site. Turkish Lira Bank Information Bank Name : TURKIYE VAKIFLAR BANKASI T.A.O. Account Name :\u00a0\u015eEKERC\u0130LER MEYVEC\u0130L\u0130K KUMA\u015e \u0130ML.\u0130TH.\u0130HR.SAN.T\u0130C.A.\u015e. IBAN&#8230;<\/p>\n","protected":false},"author":2,"featured_media":0,"parent":0,"menu_order":0,"comment_status":"closed","ping_status":"closed","template":"","meta":{"tpgb_global_settings":"","_kad_post_transparent":"default","_kad_post_title":"hide","_kad_post_layout":"fullwidth","_kad_post_sidebar_id":"","_kad_post_content_style":"unboxed","_kad_post_vertical_padding":"hide","_kad_post_feature":"hide","_kad_post_feature_position":"","_kad_post_header":false,"_kad_post_footer":false,"_kad_post_classname":"","footnotes":""},"class_list":["post-4098","page","type-page","status-publish","hentry"],"tpgb_featured_images":null,"tpgb_post_meta_info":{"get_date":"April 2, 2025","get_modified_date":"August 11, 2025","author_name":"Ahmet \u015eekerci","author_url":"https:\/\/sekerciotokumas.com\/en\/?author=2","author_email":"info@sekerciotokumas.com","author_website":"https:\/\/sekerciotokumas.com\/en\/","author_description":"","author_facebook":"","author_twitter":"","author_instagram":"","author_role":["administrator"],"author_firstname":"Ahmet","author_lastname":"\u015eekerci","user_login":"bashqan","comment_count":0,"post_likes":0,"post_views":0},"tpgb_post_category":[],"_links":{"self":[{"href":"https:\/\/sekerciotokumas.com\/en\/index.php?rest_route=\/wp\/v2\/pages\/4098","targetHints":{"allow":["GET"]}}],"collection":[{"href":"https:\/\/sekerciotokumas.com\/en\/index.php?rest_route=\/wp\/v2\/pages"}],"about":[{"href":"https:\/\/sekerciotokumas.com\/en\/index.php?rest_route=\/wp\/v2\/types\/page"}],"author":[{"embeddable":true,"href":"https:\/\/sekerciotokumas.com\/en\/index.php?rest_route=\/wp\/v2\/users\/2"}],"replies":[{"embeddable":true,"href":"https:\/\/sekerciotokumas.com\/en\/index.php?rest_route=%2Fwp%2Fv2%2Fcomments&post=4098"}],"version-history":[{"count":0,"href":"https:\/\/sekerciotokumas.com\/en\/index.php?rest_route=\/wp\/v2\/pages\/4098\/revisions"}],"wp:attachment":[{"href":"https:\/\/sekerciotokumas.com\/en\/index.php?rest_route=%2Fwp%2Fv2%2Fmedia&parent=4098"}],"curies":[{"name":"wp","href":"https:\/\/api.w.org\/{rel}","templated":true}]}}